{"id":1749,"date":"2019-06-17T18:55:42","date_gmt":"2019-06-17T16:55:42","guid":{"rendered":"https:\/\/the8bedandbreakfast.com\/?page_id=1749"},"modified":"2019-10-24T13:42:44","modified_gmt":"2019-10-24T11:42:44","slug":"privacy-policy-cookies","status":"publish","type":"page","link":"https:\/\/the8bedandbreakfast.com\/en\/privacy-policy-cookies\/","title":{"rendered":"Pol\u00edtica de privacidad y cookies"},"content":{"rendered":"<div class=\"fusion-fullwidth fullwidth-box nonhundred-percent-fullwidth non-hundred-percent-height-scrolling\"  style='background-color: rgba(255,255,255,0);background-position: center center;background-repeat: no-repeat;padding-top:0px;padding-right:0px;padding-bottom:0px;padding-left:0px;'><div class=\"fusion-builder-row fusion-row \"><div  class=\"fusion-layout-column fusion_builder_column fusion_builder_column_1_1  fusion-one-full fusion-column-first fusion-column-last 1_1\"  style='margin-top:0px;margin-bottom:20px;'>\n\t\t\t\t\t<div class=\"fusion-column-wrapper\" style=\"padding: 0px 0px 0px 0px;background-position:left top;background-repeat:no-repeat;-webkit-background-size:cover;-moz-background-size:cover;-o-background-size:cover;background-size:cover;\"  data-bg-url=\"\">\n\t\t\t\t\t\t<div class=\"fusion-text\"><h1>Privacy policy and cookies<\/h1>\n<\/div><div class=\"fusion-text\"><p>A cookie is a file that is downloaded onto your computer when you access certain websites. Among other things, cookies allow a website to store and recover information on the browsing habits of a user or their device. Depending on the information contained and the manner in which the user employs their device, they may be used to recognize the user.<\/p>\n<p>Cookies are essential for the proper operation of the Internet, and they provide innumerable advantages in the provision of interactive services, making browsing and using our website easier to use.<\/p>\n<p>The information provided below will help you to understand the different types of cookies:<\/p>\n<h4><strong>Types of cookies:<\/strong><\/h4>\n<p><strong>ACCORDING TO THE ENTITY THAT MANAGES THEM:<\/strong><\/p>\n<p style=\"padding-left: 30px;\">&#8211; Own cookies: These cookies are gathered by the website publisher themselves, in order to provide the service requested by the user.<\/p>\n<p style=\"padding-left: 30px;\">&#8211; Third-party cookies: These cookies are gathered and managed by a third party, and cannot be considered our own cookies..<\/p>\n<p><strong>ACCORDING TO THE AMOUNT OF TIME THEY REMAIN ACTIVE:<\/strong><\/p>\n<p style=\"padding-left: 30px;\">&#8211; Session cookies: These collect information for as long as the user browses the webpage, in order to provide the requested service.<\/p>\n<p style=\"padding-left: 30px;\">&#8211; Persistent cookies: These are stored in the terminal, and the information obtained will be used by the entity in charge of the cookie to provide the requested service.<\/p>\n<p><strong>ACCORDING TO THEIR PURPOSE:<\/strong><\/p>\n<p style=\"padding-left: 30px;\">&#8211; Technical cookies: These are needed for correct web browsing.<\/p>\n<p style=\"padding-left: 30px;\">&#8211; Customization cookies: These allow the user to choose certain features (e.g. language) during their browsing of the website.<\/p>\n<p style=\"padding-left: 30px;\">&#8211; Analytical cookies: These allow the provider of a service to associate browsing behaviour with a user, in order to understand their use of the webpage and to analyse statistics on the most-visited content, number of visitors, etc.<\/p>\n<p style=\"padding-left: 30px;\">&#8211; Advertising cookies: These allow the website publisher to include advertisements on their webpage that are adapted to its content.<\/p>\n<p style=\"padding-left: 30px;\">&#8211; Behavioural advertising cookies: These allow the website publisher to include advertisements on their webpage that are adapted to the information obtained on the user\u2019s browsing habits.<\/p>\n<p>According to what is established in Article 22.2 of Law 34\/2002, of June 11,on Information Society Services and Electronic Commerce (LSSI-CE), KETGRUPP SL must inform users of the cookies used on our website:<\/p>\n<p><strong>Cookies:<\/strong><br \/>\nCookie name: wordpress_logged_in_9c970b6df5164c88a23264af1521c461<br \/>\nDomain: the8bedandbreakfast.com\/<br \/>\nDuration: 1 day<br \/>\nDescription: Configuraci\u00f3n general del usuario, permite conocer la ip del cliente, dispositivo\u2026 es la principal cookie a trav\u00e9s de la cual el cliente puede realizar compras, sin ella la plataforma no permite comprar.<\/p>\n<p>Cookie name: wordfence_verifiedHuman<br \/>\nDomain: the8bedandbreakfast.com\/<br \/>\nDuration: Session<br \/>\nDescription: Medida de seguridad anti intrusiones.<\/p>\n<p>Cookie name: Id_pais , Id_pais_wp<br \/>\nDomain: the8bedandbreakfast.com\/<br \/>\nDuration: Session<\/p>\n<p>Description: Visitor country<\/p>\n<p>Cookie name: Is_logged , Is_Deslogged<br \/>\nDomain: the8bedandbreakfast.com\/<br \/>\nDuration: 1 month<br \/>\nDescription: inform about user registration.<\/p>\n<p><strong>Cookies de Terceros:<\/strong><br \/>\nCookie name: _ga (i) _utma, (ii) _utmz, (iii) _utmc, _gid, __uetsid<br \/>\nDomain: the8bedandbreakfast.com\/<br \/>\nDuration: 14 meses<br \/>\nDescription: Recaban informaci\u00f3n an\u00f3nima sobre las veces que visita el sitio un usuario, calculan el inicio de la sesi\u00f3n y si \u00e9sta se debe mantener abierta, registran el origen de las visitas y otros datos estad\u00edsticos similares. Asimismo, le informamos que al navegar y continuar en la Web estar\u00e1 consintiendo el uso de las cookies anteriormente enunciadas, en los t\u00e9rminos y condiciones contenidas en la presente Pol\u00edtica de Cookies.\u201d Deshabilitaci\u00f3n y eliminaci\u00f3n de cookies: El usuario podr\u00e1 configurar su navegador para bloquearlas y, en su caso, eliminarlas. No obstante, si selecciona esta configuraci\u00f3n, quiz\u00e1s no pueda acceder a determinadas partes del Web o no pueda aprovecharse de alguno de nuestros servicios. A menos que haya ajustado la configuraci\u00f3n de su navegador de forma que rechace cookies, nuestro sistema producir\u00e1 cookies cuando se conecte a nuestro sitio.<\/p>\n<p><strong>Google Analytics:<\/strong> Stores cookies in order to be able to generate statistics on traffic and number of visitors to the website. Your use of this website constitutes acceptance of your information being used by Google. As a result, in order to exercise any of your rights in this regard, you must contact Google directly.<br \/>\nGoogle Analytics cookies are stored in servers located in the United States, and are not shared with third parties, except in cases where doing so is necessary for the proper operation of the system or when the law obligates Google to do so. According to Google, your IP address is not stored.<\/p>\n<p>Google Inc. is a company participating in \u201cPrivacy Shield\u201d, which guarantees that all the transferred information will be treated with a level of protection in accordance with European regulations. You may consult detailed information on this aspect by clicking on the following link: <a href=\"https:\/\/support.google.com\/analytics\/answer\/6004245\">https:\/\/support.google.com\/analytics\/answer\/6004245.<\/a><\/p>\n<p>If you so desire, you can use the Google Analytics opt-out plugin; by following their instructions, you can reject analytical cookies from this service in all browsers. You can find more information on this by clicking on the following link: <a href=\"https:\/\/tools.google.com\/dlpage\/gaoptout\">https:\/\/tools.google.com\/dlpage\/gaoptout<\/a><\/p>\n<div id=\"browserConfig\"><\/div>\n<p>In addition, KETGRUPP SL informs users that they have the option of configuring their browser so that they are informed of the reception of cookies, allowing them to prevent these cookies from being installed on their hard drive if they wish.<\/p>\n<p>Below, we provide links for different browsers that can be used to complete this configuration:<\/p>\n<p>&#8211; For Firefox, click here: https:\/\/support.mozilla.org\/en-US\/kb\/enable-and-disable-cookies-website-preferences<br \/>\n&#8211; For Chrome, click here: http:\/\/support.google.com\/chrome\/bin\/answer.py?hl=en&amp;answer=95647<br \/>\n&#8211; For Explorer, click here: http:\/\/windows.microsoft.com\/en-gb\/internet-explorer\/delete-manage-cookies#ie=ie-10<br \/>\n&#8211; For Safari, click here: https:\/\/support.apple.com\/kb\/PH21411?viewlocale=es_ES&amp;locale=es_ES<br \/>\n&#8211; Opera des de aqu\u00ed: https:\/\/help.opera.com\/en\/latest\/web-preferences\/#cookies<\/p>\n<\/div><div class=\"fusion-clearfix\"><\/div>\n\n\t\t\t\t\t<\/div>\n\t\t\t\t<\/div><\/div><\/div>\n","protected":false},"excerpt":{"rendered":"","protected":false},"author":1,"featured_media":0,"parent":0,"menu_order":0,"comment_status":"closed","ping_status":"closed","template":"","meta":[],"yoast_head":"<!-- This site is optimized with the Yoast SEO plugin v15.3 - https:\/\/yoast.com\/wordpress\/plugins\/seo\/ -->\n<title>Privacy Policy and cookies - The8 Barcelona bed and breakfast boutique<\/title>\n<meta name=\"robots\" content=\"index, follow, max-snippet:-1, max-image-preview:large, max-video-preview:-1\" \/>\n<link rel=\"canonical\" href=\"https:\/\/the8bedandbreakfast.com\/en\/privacy-policy-cookies\/\" \/>\n<meta property=\"og:locale\" content=\"en_US\" \/>\n<meta property=\"og:type\" content=\"article\" \/>\n<meta property=\"og:title\" content=\"Privacy Policy and cookies - The8 Barcelona bed and breakfast boutique\" \/>\n<meta property=\"og:url\" content=\"https:\/\/the8bedandbreakfast.com\/en\/privacy-policy-cookies\/\" \/>\n<meta property=\"og:site_name\" content=\"The 8 boutique bed and breakfast en Barcelona\" \/>\n<meta property=\"article:publisher\" content=\"https:\/\/www.facebook.com\/The8BedandBreakfast\/\" \/>\n<meta property=\"article:modified_time\" content=\"2019-10-24T11:42:44+00:00\" \/>\n<meta name=\"twitter:card\" content=\"summary_large_image\" \/>\n<meta name=\"twitter:label1\" content=\"Written by\">\n\t<meta name=\"twitter:data1\" content=\"The8 Bed and Breakfast\">\n\t<meta name=\"twitter:label2\" content=\"Est. reading time\">\n\t<meta name=\"twitter:data2\" content=\"5 minutes\">\n<script type=\"application\/ld+json\" class=\"yoast-schema-graph\">{\"@context\":\"https:\/\/schema.org\",\"@graph\":[{\"@type\":\"Organization\",\"@id\":\"https:\/\/the8bedandbreakfast.com\/#organization\",\"name\":\"The 8 Bed and Breakfast Barcelona\",\"url\":\"https:\/\/the8bedandbreakfast.com\/\",\"sameAs\":[\"https:\/\/www.facebook.com\/The8BedandBreakfast\/\",\"https:\/\/www.instagram.com\/the8bcn\/\",\"https:\/\/www.pinterest.es\/the8barcelona\/?eq=The8 Bed&amp;Breakfast&amp;etslf=4546\"],\"logo\":{\"@type\":\"ImageObject\",\"@id\":\"https:\/\/the8bedandbreakfast.com\/#logo\",\"inLanguage\":\"en-US\",\"url\":\"https:\/\/the8bedandbreakfast.com\/wp-content\/uploads\/2017\/09\/Logo-horizontal-the8.png\",\"width\":248,\"height\":104,\"caption\":\"The 8 Bed and Breakfast Barcelona\"},\"image\":{\"@id\":\"https:\/\/the8bedandbreakfast.com\/#logo\"}},{\"@type\":\"WebSite\",\"@id\":\"https:\/\/the8bedandbreakfast.com\/#website\",\"url\":\"https:\/\/the8bedandbreakfast.com\/\",\"name\":\"The 8 boutique bed and breakfast en Barcelona\",\"description\":\"A great place to stay in Barcelona\",\"publisher\":{\"@id\":\"https:\/\/the8bedandbreakfast.com\/#organization\"},\"potentialAction\":[{\"@type\":\"SearchAction\",\"target\":\"https:\/\/the8bedandbreakfast.com\/?s={search_term_string}\",\"query-input\":\"required name=search_term_string\"}],\"inLanguage\":\"en-US\"},{\"@type\":\"WebPage\",\"@id\":\"https:\/\/the8bedandbreakfast.com\/en\/privacy-policy-cookies\/#webpage\",\"url\":\"https:\/\/the8bedandbreakfast.com\/en\/privacy-policy-cookies\/\",\"name\":\"Privacy Policy and cookies - The8 Barcelona bed and breakfast boutique\",\"isPartOf\":{\"@id\":\"https:\/\/the8bedandbreakfast.com\/#website\"},\"datePublished\":\"2019-06-17T16:55:42+00:00\",\"dateModified\":\"2019-10-24T11:42:44+00:00\",\"inLanguage\":\"en-US\",\"potentialAction\":[{\"@type\":\"ReadAction\",\"target\":[\"https:\/\/the8bedandbreakfast.com\/en\/privacy-policy-cookies\/\"]}]}]}<\/script>\n<!-- \/ Yoast SEO plugin. -->","_links":{"self":[{"href":"https:\/\/the8bedandbreakfast.com\/en\/wp-json\/wp\/v2\/pages\/1749"}],"collection":[{"href":"https:\/\/the8bedandbreakfast.com\/en\/wp-json\/wp\/v2\/pages"}],"about":[{"href":"https:\/\/the8bedandbreakfast.com\/en\/wp-json\/wp\/v2\/types\/page"}],"author":[{"embeddable":true,"href":"https:\/\/the8bedandbreakfast.com\/en\/wp-json\/wp\/v2\/users\/1"}],"replies":[{"embeddable":true,"href":"https:\/\/the8bedandbreakfast.com\/en\/wp-json\/wp\/v2\/comments?post=1749"}],"version-history":[{"count":3,"href":"https:\/\/the8bedandbreakfast.com\/en\/wp-json\/wp\/v2\/pages\/1749\/revisions"}],"predecessor-version":[{"id":1782,"href":"https:\/\/the8bedandbreakfast.com\/en\/wp-json\/wp\/v2\/pages\/1749\/revisions\/1782"}],"wp:attachment":[{"href":"https:\/\/the8bedandbreakfast.com\/en\/wp-json\/wp\/v2\/media?parent=1749"}],"curies":[{"name":"wp","href":"https:\/\/api.w.org\/{rel}","templated":true}]}}